{"id":259,"date":"2025-12-12T09:00:45","date_gmt":"2025-12-12T09:00:45","guid":{"rendered":"https:\/\/mirsanlogistics.com\/?page_id=259"},"modified":"2025-12-12T09:04:09","modified_gmt":"2025-12-12T09:04:09","slug":"customs-clearance","status":"publish","type":"page","link":"https:\/\/mirsanlogistics.com\/tr\/services\/customs-clearance\/","title":{"rendered":"G\u00fcmr\u00fck Hizmetleri"},"content":{"rendered":"<div data-elementor-type=\"wp-page\" data-elementor-id=\"259\" class=\"elementor elementor-259\" data-elementor-post-type=\"page\">\n\t\t\t\t<div class=\"elementor-element elementor-element-57680310 e-con-full e-flex e-con e-parent\" data-id=\"57680310\" data-element_type=\"container\" data-settings=\"{&quot;background_background&quot;:&quot;classic&quot;}\">\n\t\t<div class=\"elementor-element elementor-element-2a7780f e-con-full e-flex elementor-invisible e-con e-child\" data-id=\"2a7780f\" data-element_type=\"container\" data-settings=\"{&quot;background_background&quot;:&quot;classic&quot;,&quot;animation&quot;:&quot;fadeInUp&quot;}\">\n\t\t<div class=\"elementor-element elementor-element-42cc8d42 e-con-full e-flex e-con e-child\" data-id=\"42cc8d42\" data-element_type=\"container\">\n\t\t\t\t<div class=\"elementor-element elementor-element-6ca71263 elementor-widget__width-inherit elementor-invisible elementor-widget elementor-widget-text-editor\" data-id=\"6ca71263\" data-element_type=\"widget\" data-settings=\"{&quot;_animation&quot;:&quot;fadeInUp&quot;}\" data-widget_type=\"text-editor.default\">\n\t\t\t\t\t\t\t\t\t<p>Hizmetlerimiz<\/p>\t\t\t\t\t\t\t\t<\/div>\n\t\t\t\t<div class=\"elementor-element elementor-element-41513480 elementor-invisible elementor-widget elementor-widget-heading\" data-id=\"41513480\" data-element_type=\"widget\" data-settings=\"{&quot;_animation&quot;:&quot;fadeInUp&quot;,&quot;_animation_delay&quot;:200}\" data-widget_type=\"heading.default\">\n\t\t\t\t\t<h2 class=\"elementor-heading-title elementor-size-default\">G\u00fcmr\u00fck Hizmetleri<\/h2>\t\t\t\t<\/div>\n\t\t\t\t<div class=\"elementor-element elementor-element-617fc873 elementor-widget elementor-widget-text-editor\" data-id=\"617fc873\" data-element_type=\"widget\" data-widget_type=\"text-editor.default\">\n\t\t\t\t\t\t\t\t\t<p>Uluslararas\u0131 s\u0131n\u0131rlar boyunca i\u015flemlerinizin mevzuata uygun, h\u0131zl\u0131 ve sorunsuz \u015fekilde ilerlemesini sa\u011flayan profesyonel g\u00fcmr\u00fckleme hizmetleri sunuyoruz.<\/p>\t\t\t\t\t\t\t\t<\/div>\n\t\t\t\t<\/div>\n\t\t\t\t<\/div>\n\t\t\t\t<\/div>\n\t\t<div class=\"elementor-element elementor-element-734975f2 e-flex e-con-boxed e-con e-parent\" data-id=\"734975f2\" data-element_type=\"container\">\n\t\t\t\t\t<div class=\"e-con-inner\">\n\t\t<div class=\"elementor-element elementor-element-3eb41bb2 e-con-full e-flex e-con e-child\" data-id=\"3eb41bb2\" data-element_type=\"container\">\n\t\t\t\t<div class=\"elementor-element elementor-element-269d1c28 elementor-widget elementor-widget-text-editor\" data-id=\"269d1c28\" data-element_type=\"widget\" data-widget_type=\"text-editor.default\">\n\t\t\t\t\t\t\t\t\t<p>Mirsan Logistics, s\u0131n\u0131r \u00f6tesi ticaret operasyonlar\u0131n\u0131n sorunsuz, mevzuata uygun ve verimli \u015fekilde y\u00fcr\u00fct\u00fclmesini sa\u011flamak \u00fczere profesyonel g\u00fcmr\u00fckleme hizmetleri sunar. G\u00fcmr\u00fck s\u00fcre\u00e7lerini titizlikle y\u00f6neterek gecikmeleri en aza indirir ve tam yasal uyumluluk sa\u011flar.<\/p>\t\t\t\t\t\t\t\t<\/div>\n\t\t\t\t<div class=\"elementor-element elementor-element-20793b78 elementor-widget elementor-widget-text-editor\" data-id=\"20793b78\" data-element_type=\"widget\" data-widget_type=\"text-editor.default\">\n\t\t\t\t\t\t\t\t\t<p>Deneyimli ekibimiz; gerekli t\u00fcm evraklar, beyanlar ve ilgili kurumlarla koordinasyonu eksiksiz \u015fekilde y\u00fcr\u00fcterek g\u00f6nderilerinizin g\u00fcmr\u00fck i\u015flemlerinden sorunsuz ge\u00e7mesini sa\u011flar. Uluslararas\u0131 ticaret mevzuat\u0131 ve yerel g\u00fcmr\u00fck gerekliliklerini yak\u0131ndan takip ederek riskleri azalt\u0131r ve olas\u0131 aksakl\u0131klar\u0131n \u00f6n\u00fcne ge\u00e7eriz.<\/p>\t\t\t\t\t\t\t\t<\/div>\n\t\t\t\t<div class=\"elementor-element elementor-element-099758d elementor-widget elementor-widget-text-editor\" data-id=\"099758d\" data-element_type=\"widget\" data-widget_type=\"text-editor.default\">\n\t\t\t\t\t\t\t\t\t<p>G\u00fcmr\u00fckleme s\u00fcrecinin her a\u015famas\u0131nda do\u011fruluk, \u015feffafl\u0131k ve zaman\u0131nda i\u015flem esas\u0131na odaklan\u0131r\u0131z. \u0130thalat, ihracat veya transit i\u015flemler i\u00e7in sundu\u011fumuz \u00e7\u00f6z\u00fcmler, y\u00fck ak\u0131\u015f\u0131n\u0131n verimli ve tedarik zincirlerinin kesintisiz \u015fekilde ilerlemesini destekleyecek \u015fekilde yap\u0131land\u0131r\u0131l\u0131r.<\/p>\t\t\t\t\t\t\t\t<\/div>\n\t\t\t\t<div class=\"elementor-element elementor-element-9c42703 elementor-widget elementor-widget-text-editor\" data-id=\"9c42703\" data-element_type=\"widget\" data-widget_type=\"text-editor.default\">\n\t\t\t\t\t\t\t\t\t<p>Uluslararas\u0131 ticaretin \u00f6nemli kap\u0131lar\u0131ndan biri olan \u0130stanbul\u2019dan faaliyet g\u00f6steren Mirsan Logistics, k\u00fcresel pazarlarda g\u00fcvenilir g\u00fcmr\u00fck koordinasyonu sa\u011flayarak i\u015finizin s\u0131n\u0131rlar\u0131n \u00f6tesinde g\u00fcvenle ilerlemesine olanak tan\u0131r.<\/p>\t\t\t\t\t\t\t\t<\/div>\n\t\t\t\t<\/div>\n\t\t\t\t\t<\/div>\n\t\t\t\t<\/div>\n\t\t\t\t<\/div>","protected":false},"excerpt":{"rendered":"<p>Our Services Customs Clearance Professional customs clearance services ensuring smooth, compliant and timely processing across international borders. Mirsan Logistics provides professional customs clearance services designed to ensure smooth, compliant and efficient cross border trade operations. We manage customs processes with precision to minimize delays and ensure full regulatory compliance. Our experienced team handles all required [&hellip;]<\/p>","protected":false},"author":1,"featured_media":0,"parent":221,"menu_order":0,"comment_status":"closed","ping_status":"closed","template":"elementor_header_footer","meta":{"footnotes":""},"class_list":["post-259","page","type-page","status-publish","hentry"],"_links":{"self":[{"href":"https:\/\/mirsanlogistics.com\/tr\/wp-json\/wp\/v2\/pages\/259","targetHints":{"allow":["GET"]}}],"collection":[{"href":"https:\/\/mirsanlogistics.com\/tr\/wp-json\/wp\/v2\/pages"}],"about":[{"href":"https:\/\/mirsanlogistics.com\/tr\/wp-json\/wp\/v2\/types\/page"}],"author":[{"embeddable":true,"href":"https:\/\/mirsanlogistics.com\/tr\/wp-json\/wp\/v2\/users\/1"}],"replies":[{"embeddable":true,"href":"https:\/\/mirsanlogistics.com\/tr\/wp-json\/wp\/v2\/comments?post=259"}],"version-history":[{"count":4,"href":"https:\/\/mirsanlogistics.com\/tr\/wp-json\/wp\/v2\/pages\/259\/revisions"}],"predecessor-version":[{"id":264,"href":"https:\/\/mirsanlogistics.com\/tr\/wp-json\/wp\/v2\/pages\/259\/revisions\/264"}],"up":[{"embeddable":true,"href":"https:\/\/mirsanlogistics.com\/tr\/wp-json\/wp\/v2\/pages\/221"}],"wp:attachment":[{"href":"https:\/\/mirsanlogistics.com\/tr\/wp-json\/wp\/v2\/media?parent=259"}],"curies":[{"name":"wp","href":"https:\/\/api.w.org\/{rel}","templated":true}]}}